{"id":252,"date":"2014-06-04T07:56:17","date_gmt":"2014-06-04T07:56:17","guid":{"rendered":"http:\/\/university.cactusthemes.com\/?page_id=252"},"modified":"2025-05-14T10:54:53","modified_gmt":"2025-05-14T10:54:53","slug":"contact-us","status":"publish","type":"page","link":"https:\/\/www.master.us.es\/mastersexologia\/contact-us\/","title":{"rendered":"Contacto"},"content":{"rendered":"<p>[vc_row][vc_column][vc_wp_text text=\u00bbAt vero eos et accusamus et iusto odio dignissimos ducimus qui blanditiis praesentium voluptatum deleniti atque corrupti quos. At vero eos et accusamus et iusto odio dignissimos. At vero eos et accusamus et iusto odio dignissimos.<\/p>\n<p>Email: example@gmail.com<br \/>\nAddress: 123 Main Street, Chicago, USA<br \/>\nTelephone: 0123 456 789&#8243; el_class=\u00bbu-underline\u00bb]<\/p>\n<div class=\"av-special-heading av-special-heading-h3 avia-builder-el-2 el_after_av_section el_before_av_textblock avia-builder-el-first \">\n<h3 class=\"av-special-heading-tag\">Direcci\u00f3n<\/h3>\n<div class=\"special-heading-border\">\n<div class=\"special-heading-inner-border\"><\/div>\n<\/div>\n<\/div>\n<section class=\"av_textblock_section\">\n<div class=\"avia_textblock \">\n<p><strong>Samuel Rueda M\u00e9ndez<\/strong>.<\/p>\n<p>Doctor en Psicolog\u00eda. Profesor Colaborador. Departamento de Psicolog\u00eda Social. Facultad de Psicolog\u00eda. Universidad de Sevilla.<br \/>\nTel\u00e9fono: 954557742<br \/>\nEmail: srueda@us.es<\/p>\n<\/div>\n<\/section>\n<div class=\"av-special-heading av-special-heading-h3 avia-builder-el-4 el_after_av_textblock el_before_av_textblock \">\n<div class=\"special-heading-border\">\n<div class=\"special-heading-inner-border\"><strong>Maribel Garc\u00eda Cantero<\/strong>.<\/div>\n<\/div>\n<\/div>\n<section class=\"av_textblock_section\">\n<div class=\"avia_textblock \">\n<p>Psic\u00f3loga- Sex\u00f3loga. Directora de ARTEA Psicolog\u00eda y Sexolog\u00eda. Miembro de la Junta directiva de la Sociedad Espa\u00f1ola de Intervenci\u00f3n en Sexolog\u00eda.<br \/>\nTel\u00e9fono: 954 626951 &#8211; 661250105<\/p>\n<p>Email: maribel@arteasexologia.es<\/p>\n<\/div>\n<\/section>\n<div class=\"av-special-heading av-special-heading-h3 avia-builder-el-6 el_after_av_textblock el_before_av_textblock \">\n<h3 class=\"av-special-heading-tag\">Comisi\u00f3n Acad\u00e9mica<\/h3>\n<div class=\"special-heading-border\">\n<div class=\"special-heading-inner-border\"><strong>Samuel Rueda M\u00e9ndez<\/strong>. Doctor en Psicolog\u00eda. Profesor Colaborador del Departamento de Psicolog\u00eda Social de la Facultad de Psicolog\u00eda de la Universidad de Sevilla.<\/div>\n<\/div>\n<\/div>\n<section class=\"av_textblock_section\">\n<div class=\"avia_textblock \">\n<p><strong>Maribel Garc\u00eda Cantero. <\/strong>Psic\u00f3loga- Sex\u00f3loga. Directora de ARTEA Psicolog\u00eda y Sexolog\u00eda. Miembro de la Junta directiva de la Sociedad Espa\u00f1ola de Intervenci\u00f3n en Sexolog\u00eda.<\/p>\n<p><strong>Pedro La Calle Marcos<\/strong>. Doctor en Medicina. Miembro de la Junta directiva de la Sociedad Espa\u00f1ola de Intervenci\u00f3n en Sexolog\u00eda.<\/p>\n<p><strong>Manuel Lucas Matheu<\/strong>. Doctor en Medicina. Presidente de la Sociedad Espa\u00f1ola de Intervenci\u00f3n en Sexolog\u00eda.<\/p>\n<p><strong>Silvia Medina Anzano<\/strong>. Profesora Titular del Departamento de Psicolog\u00eda Social. Facultad de Psicolog\u00eda de la Universidad de Sevilla.<\/p>\n<\/div>\n<\/section>\n<p>[\/vc_wp_text][\/vc_column][\/vc_row][vc_row][vc_column][vc_gmaps link=\u00bb#E-8_JTNDaWZyYW1lJTIwc3JjJTNEJTIyaHR0cHMlM0ElMkYlMkZ3d3cuZ29vZ2xlLmNvbSUyRm1hcHMlMkZlbWJlZCUzRnBiJTNEJTIxMW0xOCUyMTFtMTIlMjExbTMlMjExZDMxNzAuNDM2NTM0ODc1MTE5JTIxMmQtNS45NzgxNjE5ODQ4NTA4ODQ1JTIxM2QzNy4zNzk1MDc0NDI1NzQ5NyUyMTJtMyUyMTFmMCUyMTJmMCUyMTNmMCUyMTNtMiUyMTFpMTAyNCUyMTJpNzY4JTIxNGYxMy4xJTIxM20zJTIxMW0yJTIxMXMweGQxMjZlOThmM2RiYWIwNSUyNTNBMHg0ZTFlYzJiN2JhYTVmMGFjJTIxMnNGYWN1bHRhZCUyNTIwZGUlMjUyMFBzaWNvbG9nJTI1QzMlMjVBRGElMjE1ZTAlMjEzbTIlMjExc2VzJTIxMnNlcyUyMTR2MTYxMjIwMzg3MjA1MSUyMTVtMiUyMTFzZXMlMjEyc2VzJTIyJTIwd2lkdGglM0QlMjI2MDAlMjIlMjBoZWlnaHQlM0QlMjI0NTAlMjIlMjBmcmFtZWJvcmRlciUzRCUyMjAlMjIlMjBzdHlsZSUzRCUyMmJvcmRlciUzQTAlM0IlMjIlMjBhbGxvd2Z1bGxzY3JlZW4lM0QlMjIlMjIlMjBhcmlhLWhpZGRlbiUzRCUyMmZhbHNlJTIyJTIwdGFiaW5kZXglM0QlMjIwJTIyJTNFJTNDJTJGaWZyYW1lJTNF\u00bb size=\u00bb650&#8243; title=\u00bbDepartamento de Psicolog\u00eda Social. Facultad de Psicolog\u00eda. Universidad de Sevilla.\u00bb][\/vc_column][\/vc_row]<\/p>\n","protected":false},"excerpt":{"rendered":"<p>[vc_row][vc_column][vc_wp_text text=\u00bbAt vero eos et accusamus et iusto odio dignissimos ducimus qui blanditiis praesentium voluptatum deleniti atque corrupti quos. At vero eos et accusamus et iusto odio dignissimos. At vero eos et accusamus et iusto odio dignissimos. Email: example@gmail.com Address: 123 Main Street, Chicago, USA Telephone: 0123 456 789&#8243; el_class=\u00bbu-underline\u00bb] Direcci\u00f3n Samuel Rueda M\u00e9ndez. Doctor [&hellip;]<\/p>\n","protected":false},"author":4,"featured_media":0,"parent":0,"menu_order":0,"comment_status":"closed","ping_status":"closed","template":"","meta":{"_joinchat":[]},"yoast_head":"<!-- This site is optimized with the Yoast SEO plugin v20.4 - https:\/\/yoast.com\/wordpress\/plugins\/seo\/ -->\n<title>Contacto - M\u00e1ster en Sexolog\u00eda - Universidad de Sevilla<\/title>\n<meta name=\"description\" content=\"Datos de contacto del Master en Sexolog\u00eda de la Universidad de Sevilla: Direcci\u00f3n, Coordinaci\u00f3n y Comisi\u00f3n Acad\u00e9mica.\" \/>\n<meta name=\"robots\" content=\"index, follow, max-snippet:-1, max-image-preview:large, max-video-preview:-1\" \/>\n<link rel=\"canonical\" href=\"https:\/\/www.master.us.es\/mastersexologia\/contact-us\/\" \/>\n<meta property=\"og:locale\" content=\"es_ES\" \/>\n<meta property=\"og:type\" content=\"article\" \/>\n<meta property=\"og:title\" content=\"Contacto - M\u00e1ster en Sexolog\u00eda - Universidad de Sevilla\" \/>\n<meta property=\"og:description\" content=\"Datos de contacto del Master en Sexolog\u00eda de la Universidad de Sevilla: Direcci\u00f3n, Coordinaci\u00f3n y Comisi\u00f3n Acad\u00e9mica.\" \/>\n<meta property=\"og:url\" content=\"https:\/\/www.master.us.es\/mastersexologia\/contact-us\/\" \/>\n<meta property=\"og:site_name\" content=\"M\u00e1ster en Sexolog\u00eda - Universidad de Sevilla\" \/>\n<meta property=\"article:publisher\" content=\"https:\/\/www.facebook.com\/watch\/Master-en-Sexolog%c3%ada-Universidad-de-Sevilla-478143765551553\/\" \/>\n<meta property=\"article:modified_time\" content=\"2025-05-14T10:54:53+00:00\" \/>\n<meta name=\"twitter:card\" content=\"summary_large_image\" \/>\n<script type=\"application\/ld+json\" class=\"yoast-schema-graph\">{\"@context\":\"https:\/\/schema.org\",\"@graph\":[{\"@type\":\"WebPage\",\"@id\":\"https:\/\/www.master.us.es\/mastersexologia\/contact-us\/\",\"url\":\"https:\/\/www.master.us.es\/mastersexologia\/contact-us\/\",\"name\":\"Contacto - M\u00e1ster en Sexolog\u00eda - Universidad de Sevilla\",\"isPartOf\":{\"@id\":\"https:\/\/www.master.us.es\/mastersexologia\/#website\"},\"datePublished\":\"2014-06-04T07:56:17+00:00\",\"dateModified\":\"2025-05-14T10:54:53+00:00\",\"description\":\"Datos de contacto del Master en Sexolog\u00eda de la Universidad de Sevilla: Direcci\u00f3n, Coordinaci\u00f3n y Comisi\u00f3n Acad\u00e9mica.\",\"breadcrumb\":{\"@id\":\"https:\/\/www.master.us.es\/mastersexologia\/contact-us\/#breadcrumb\"},\"inLanguage\":\"es\",\"potentialAction\":[{\"@type\":\"ReadAction\",\"target\":[\"https:\/\/www.master.us.es\/mastersexologia\/contact-us\/\"]}]},{\"@type\":\"BreadcrumbList\",\"@id\":\"https:\/\/www.master.us.es\/mastersexologia\/contact-us\/#breadcrumb\",\"itemListElement\":[{\"@type\":\"ListItem\",\"position\":1,\"name\":\"Portada\",\"item\":\"https:\/\/www.master.us.es\/mastersexologia\/\"},{\"@type\":\"ListItem\",\"position\":2,\"name\":\"Contacto\"}]},{\"@type\":\"WebSite\",\"@id\":\"https:\/\/www.master.us.es\/mastersexologia\/#website\",\"url\":\"https:\/\/www.master.us.es\/mastersexologia\/\",\"name\":\"M\u00e1ster en Sexolog\u00eda - Universidad de Sevilla\",\"description\":\"M\u00e1ster en Sexolog\u00eda de la Universidad de Sevilla\",\"publisher\":{\"@id\":\"https:\/\/www.master.us.es\/mastersexologia\/#organization\"},\"potentialAction\":[{\"@type\":\"SearchAction\",\"target\":{\"@type\":\"EntryPoint\",\"urlTemplate\":\"https:\/\/www.master.us.es\/mastersexologia\/?s={search_term_string}\"},\"query-input\":\"required name=search_term_string\"}],\"inLanguage\":\"es\"},{\"@type\":\"Organization\",\"@id\":\"https:\/\/www.master.us.es\/mastersexologia\/#organization\",\"name\":\"Master en Sexologia de la Universidad de Sevilla\",\"url\":\"https:\/\/www.master.us.es\/mastersexologia\/\",\"logo\":{\"@type\":\"ImageObject\",\"inLanguage\":\"es\",\"@id\":\"https:\/\/www.master.us.es\/mastersexologia\/#\/schema\/logo\/image\/\",\"url\":\"http:\/\/www.master.us.es\/mastersexologia\/wp-content\/uploads\/2016\/05\/logo-master.png\",\"contentUrl\":\"http:\/\/www.master.us.es\/mastersexologia\/wp-content\/uploads\/2016\/05\/logo-master.png\",\"width\":550,\"height\":114,\"caption\":\"Master en Sexologia de la Universidad de Sevilla\"},\"image\":{\"@id\":\"https:\/\/www.master.us.es\/mastersexologia\/#\/schema\/logo\/image\/\"},\"sameAs\":[\"https:\/\/www.facebook.com\/watch\/Master-en-Sexolog\u00eda-Universidad-de-Sevilla-478143765551553\/\",\"https:\/\/www.instagram.com\/mastersexologiaunisevilla\/\"]}]}<\/script>\n<!-- \/ Yoast SEO plugin. -->","yoast_head_json":{"title":"Contacto - M\u00e1ster en Sexolog\u00eda - Universidad de Sevilla","description":"Datos de contacto del Master en Sexolog\u00eda de la Universidad de Sevilla: Direcci\u00f3n, Coordinaci\u00f3n y Comisi\u00f3n Acad\u00e9mica.","robots":{"index":"index","follow":"follow","max-snippet":"max-snippet:-1","max-image-preview":"max-image-preview:large","max-video-preview":"max-video-preview:-1"},"canonical":"https:\/\/www.master.us.es\/mastersexologia\/contact-us\/","og_locale":"es_ES","og_type":"article","og_title":"Contacto - M\u00e1ster en Sexolog\u00eda - Universidad de Sevilla","og_description":"Datos de contacto del Master en Sexolog\u00eda de la Universidad de Sevilla: Direcci\u00f3n, Coordinaci\u00f3n y Comisi\u00f3n Acad\u00e9mica.","og_url":"https:\/\/www.master.us.es\/mastersexologia\/contact-us\/","og_site_name":"M\u00e1ster en Sexolog\u00eda - Universidad de Sevilla","article_publisher":"https:\/\/www.facebook.com\/watch\/Master-en-Sexolog%c3%ada-Universidad-de-Sevilla-478143765551553\/","article_modified_time":"2025-05-14T10:54:53+00:00","twitter_card":"summary_large_image","schema":{"@context":"https:\/\/schema.org","@graph":[{"@type":"WebPage","@id":"https:\/\/www.master.us.es\/mastersexologia\/contact-us\/","url":"https:\/\/www.master.us.es\/mastersexologia\/contact-us\/","name":"Contacto - M\u00e1ster en Sexolog\u00eda - Universidad de Sevilla","isPartOf":{"@id":"https:\/\/www.master.us.es\/mastersexologia\/#website"},"datePublished":"2014-06-04T07:56:17+00:00","dateModified":"2025-05-14T10:54:53+00:00","description":"Datos de contacto del Master en Sexolog\u00eda de la Universidad de Sevilla: Direcci\u00f3n, Coordinaci\u00f3n y Comisi\u00f3n Acad\u00e9mica.","breadcrumb":{"@id":"https:\/\/www.master.us.es\/mastersexologia\/contact-us\/#breadcrumb"},"inLanguage":"es","potentialAction":[{"@type":"ReadAction","target":["https:\/\/www.master.us.es\/mastersexologia\/contact-us\/"]}]},{"@type":"BreadcrumbList","@id":"https:\/\/www.master.us.es\/mastersexologia\/contact-us\/#breadcrumb","itemListElement":[{"@type":"ListItem","position":1,"name":"Portada","item":"https:\/\/www.master.us.es\/mastersexologia\/"},{"@type":"ListItem","position":2,"name":"Contacto"}]},{"@type":"WebSite","@id":"https:\/\/www.master.us.es\/mastersexologia\/#website","url":"https:\/\/www.master.us.es\/mastersexologia\/","name":"M\u00e1ster en Sexolog\u00eda - Universidad de Sevilla","description":"M\u00e1ster en Sexolog\u00eda de la Universidad de Sevilla","publisher":{"@id":"https:\/\/www.master.us.es\/mastersexologia\/#organization"},"potentialAction":[{"@type":"SearchAction","target":{"@type":"EntryPoint","urlTemplate":"https:\/\/www.master.us.es\/mastersexologia\/?s={search_term_string}"},"query-input":"required name=search_term_string"}],"inLanguage":"es"},{"@type":"Organization","@id":"https:\/\/www.master.us.es\/mastersexologia\/#organization","name":"Master en Sexologia de la Universidad de Sevilla","url":"https:\/\/www.master.us.es\/mastersexologia\/","logo":{"@type":"ImageObject","inLanguage":"es","@id":"https:\/\/www.master.us.es\/mastersexologia\/#\/schema\/logo\/image\/","url":"http:\/\/www.master.us.es\/mastersexologia\/wp-content\/uploads\/2016\/05\/logo-master.png","contentUrl":"http:\/\/www.master.us.es\/mastersexologia\/wp-content\/uploads\/2016\/05\/logo-master.png","width":550,"height":114,"caption":"Master en Sexologia de la Universidad de Sevilla"},"image":{"@id":"https:\/\/www.master.us.es\/mastersexologia\/#\/schema\/logo\/image\/"},"sameAs":["https:\/\/www.facebook.com\/watch\/Master-en-Sexolog\u00eda-Universidad-de-Sevilla-478143765551553\/","https:\/\/www.instagram.com\/mastersexologiaunisevilla\/"]}]}},"_links":{"self":[{"href":"https:\/\/www.master.us.es\/mastersexologia\/wp-json\/wp\/v2\/pages\/252"}],"collection":[{"href":"https:\/\/www.master.us.es\/mastersexologia\/wp-json\/wp\/v2\/pages"}],"about":[{"href":"https:\/\/www.master.us.es\/mastersexologia\/wp-json\/wp\/v2\/types\/page"}],"author":[{"embeddable":true,"href":"https:\/\/www.master.us.es\/mastersexologia\/wp-json\/wp\/v2\/users\/4"}],"replies":[{"embeddable":true,"href":"https:\/\/www.master.us.es\/mastersexologia\/wp-json\/wp\/v2\/comments?post=252"}],"version-history":[{"count":0,"href":"https:\/\/www.master.us.es\/mastersexologia\/wp-json\/wp\/v2\/pages\/252\/revisions"}],"wp:attachment":[{"href":"https:\/\/www.master.us.es\/mastersexologia\/wp-json\/wp\/v2\/media?parent=252"}],"curies":[{"name":"wp","href":"https:\/\/api.w.org\/{rel}","templated":true}]}}