{"id":4609,"date":"2020-06-20T01:22:46","date_gmt":"2020-06-20T01:22:46","guid":{"rendered":"http:\/\/www.master.us.es\/mastersexologia\/?page_id=4609"},"modified":"2023-06-05T11:13:41","modified_gmt":"2023-06-05T11:13:41","slug":"plazo-de-pre-matricula","status":"publish","type":"page","link":"https:\/\/www.master.us.es\/mastersexologia\/plazo-de-pre-matricula\/","title":{"rendered":"Pre-Inscripci\u00f3n y Matr\u00edcula"},"content":{"rendered":"\n<p class=\"has-text-align-center has-pale-pink-color has-text-color has-large-font-size\"><strong>Informaci\u00f3n sobre el Proceso<\/strong><\/p>\n\n\n\n<p class=\"has-text-align-center has-pale-pink-color has-text-color has-large-font-size\"><strong>de Pre-Inscripci\u00f3n<\/strong><\/p>\n\n\n\n<p class=\"has-text-align-center has-pale-pink-color has-text-color has-large-font-size\"><strong>y Matr\u00edcula M\u00e1ster 2023-2024<\/strong><\/p>\n\n\n\n<div class=\"wp-block-spacer\" style=\"height: 20px;\" aria-hidden=\"true\">\u00a0<\/div>\n\n\n\n<p class=\"has-text-align-center has-very-dark-gray-color has-text-color has-medium-font-size\">APERTURA DE PLAZO D\u00cdA:<\/p>\n\n\n\n<p class=\"has-text-align-center has-pale-pink-color has-text-color has-large-font-size\">01 de Junio 2023 para Preinscripci\u00f3n<\/p>\n\n\n\n<p class=\"has-text-align-center has-pale-pink-color has-text-color has-large-font-size\"><strong>1 de JULIO de 2023 para Matriculaci\u00f3n<\/strong><\/p>\n\n\n\n<div class=\"wp-block-spacer\" style=\"height: 20px;\" aria-hidden=\"true\">\u00a0<\/div>\n\n\n\n<h3 class=\"wp-block-heading\">FECHAS<\/h3>\n\n\n\n<p class=\"has-normal-font-size\"><strong>Pre-inscripci\u00f3n:<\/strong>\u00a001\/06\/2023 \u2013 20\/07\/2023<\/p>\n\n\n\n<p class=\"has-normal-font-size\"><strong>Matr\u00edcula:<\/strong>\u00a001\/07\/2023 \u2013 20\/07\/2023<\/p>\n\n\n\n<p>El alumnado que cumpla los requisitos acad\u00e9micos exigidos para el acceso al M\u00e1ster en Sexolog\u00eda, deber\u00e1n realizar la&nbsp;<a href=\"http:\/\/www.cfp.us.es\/cursos\/cursos-en-convocatoria\/cursos-en-periodo-de-preinscripcion\" target=\"_blank\" rel=\"noreferrer noopener\"><strong>Preinscripci\u00f3n Online<\/strong><\/a>, atendiendo a las indicaciones de fecha que para dicho curso est\u00e9n publicadas, a trav\u00e9s del portal Web del Centro de Formaci\u00f3n Permanente (CFP-US).<\/p>\n\n\n\n<p>Este servicio de <a href=\"http:\/\/www.cfp.us.es\/cursos\/cursos-en-convocatoria\/cursos-en-periodo-de-preinscripcion\" target=\"_blank\" rel=\"noreferrer noopener\"><strong>Preinscripci\u00f3n Online<\/strong><\/a> permanece habilitado durante las 24 horas a partir del primer d\u00eda del plazo.<\/p>\n\n\n\n<div class=\"wp-block-spacer\" style=\"height: 30px;\" aria-hidden=\"true\">\u00a0<\/div>\n\n\n\n<div class=\"wp-block-buttons is-content-justification-center is-layout-flex wp-container-1\">\n<div class=\"wp-block-button\"><a class=\"wp-block-button__link has-very-light-gray-color has-pale-pink-background-color has-text-color has-background wp-element-button\" href=\"https:\/\/cfp.us.es\/cursos\/cursos-en-convocatoria\/cursos-en-periodo-de-preinscripcion\" target=\"_blank\" rel=\"noreferrer noopener\">ACCEDE A LA PRE-INSCRIPCI\u00d3N<\/a><\/div>\n<\/div>\n\n\n\n<div class=\"wp-block-spacer\" style=\"height: 30px;\" aria-hidden=\"true\">\u00a0<\/div>\n\n\n\n<p>&nbsp;<\/p>\n","protected":false},"excerpt":{"rendered":"<p>Informaci\u00f3n sobre el Proceso de Pre-Inscripci\u00f3n y Matr\u00edcula M\u00e1ster 2023-2024 APERTURA DE PLAZO D\u00cdA: 01 de Junio 2023 para Preinscripci\u00f3n 1 de JULIO de 2023 para Matriculaci\u00f3n FECHAS Pre-inscripci\u00f3n:\u00a001\/06\/2023 \u2013 20\/07\/2023 Matr\u00edcula:\u00a001\/07\/2023 \u2013 20\/07\/2023 El alumnado que cumpla los requisitos acad\u00e9micos exigidos para el acceso al M\u00e1ster en Sexolog\u00eda, deber\u00e1n realizar la&nbsp;Preinscripci\u00f3n Online, atendiendo a [&hellip;]<\/p>\n","protected":false},"author":1,"featured_media":0,"parent":0,"menu_order":0,"comment_status":"closed","ping_status":"closed","template":"","meta":{"_joinchat":[]},"yoast_head":"<!-- This site is optimized with the Yoast SEO plugin v20.4 - https:\/\/yoast.com\/wordpress\/plugins\/seo\/ -->\n<title>Pre-Inscripci\u00f3n y Matr\u00edcula - M\u00e1ster en Sexolog\u00eda - Universidad de Sevilla<\/title>\n<meta name=\"robots\" content=\"index, follow, max-snippet:-1, max-image-preview:large, max-video-preview:-1\" \/>\n<link rel=\"canonical\" href=\"https:\/\/www.master.us.es\/mastersexologia\/plazo-de-pre-matricula\/\" \/>\n<meta property=\"og:locale\" content=\"es_ES\" \/>\n<meta property=\"og:type\" content=\"article\" \/>\n<meta property=\"og:title\" content=\"Pre-Inscripci\u00f3n y Matr\u00edcula - M\u00e1ster en Sexolog\u00eda - Universidad de Sevilla\" \/>\n<meta property=\"og:description\" content=\"Informaci\u00f3n sobre el Proceso de Pre-Inscripci\u00f3n y Matr\u00edcula M\u00e1ster 2023-2024 APERTURA DE PLAZO D\u00cdA: 01 de Junio 2023 para Preinscripci\u00f3n 1 de JULIO de 2023 para Matriculaci\u00f3n FECHAS Pre-inscripci\u00f3n:\u00a001\/06\/2023 \u2013 20\/07\/2023 Matr\u00edcula:\u00a001\/07\/2023 \u2013 20\/07\/2023 El alumnado que cumpla los requisitos acad\u00e9micos exigidos para el acceso al M\u00e1ster en Sexolog\u00eda, deber\u00e1n realizar la&nbsp;Preinscripci\u00f3n Online, atendiendo a [&hellip;]\" \/>\n<meta property=\"og:url\" content=\"https:\/\/www.master.us.es\/mastersexologia\/plazo-de-pre-matricula\/\" \/>\n<meta property=\"og:site_name\" content=\"M\u00e1ster en Sexolog\u00eda - Universidad de Sevilla\" \/>\n<meta property=\"article:publisher\" content=\"https:\/\/www.facebook.com\/watch\/Master-en-Sexolog%c3%ada-Universidad-de-Sevilla-478143765551553\/\" \/>\n<meta property=\"article:modified_time\" content=\"2023-06-05T11:13:41+00:00\" \/>\n<meta name=\"twitter:card\" content=\"summary_large_image\" \/>\n<script type=\"application\/ld+json\" class=\"yoast-schema-graph\">{\"@context\":\"https:\/\/schema.org\",\"@graph\":[{\"@type\":\"WebPage\",\"@id\":\"https:\/\/www.master.us.es\/mastersexologia\/plazo-de-pre-matricula\/\",\"url\":\"https:\/\/www.master.us.es\/mastersexologia\/plazo-de-pre-matricula\/\",\"name\":\"Pre-Inscripci\u00f3n y Matr\u00edcula - M\u00e1ster en Sexolog\u00eda - Universidad de Sevilla\",\"isPartOf\":{\"@id\":\"https:\/\/www.master.us.es\/mastersexologia\/#website\"},\"datePublished\":\"2020-06-20T01:22:46+00:00\",\"dateModified\":\"2023-06-05T11:13:41+00:00\",\"breadcrumb\":{\"@id\":\"https:\/\/www.master.us.es\/mastersexologia\/plazo-de-pre-matricula\/#breadcrumb\"},\"inLanguage\":\"es\",\"potentialAction\":[{\"@type\":\"ReadAction\",\"target\":[\"https:\/\/www.master.us.es\/mastersexologia\/plazo-de-pre-matricula\/\"]}]},{\"@type\":\"BreadcrumbList\",\"@id\":\"https:\/\/www.master.us.es\/mastersexologia\/plazo-de-pre-matricula\/#breadcrumb\",\"itemListElement\":[{\"@type\":\"ListItem\",\"position\":1,\"name\":\"Portada\",\"item\":\"https:\/\/www.master.us.es\/mastersexologia\/\"},{\"@type\":\"ListItem\",\"position\":2,\"name\":\"Pre-Inscripci\u00f3n y Matr\u00edcula\"}]},{\"@type\":\"WebSite\",\"@id\":\"https:\/\/www.master.us.es\/mastersexologia\/#website\",\"url\":\"https:\/\/www.master.us.es\/mastersexologia\/\",\"name\":\"M\u00e1ster en Sexolog\u00eda - Universidad de Sevilla\",\"description\":\"M\u00e1ster en Sexolog\u00eda de la Universidad de Sevilla\",\"publisher\":{\"@id\":\"https:\/\/www.master.us.es\/mastersexologia\/#organization\"},\"potentialAction\":[{\"@type\":\"SearchAction\",\"target\":{\"@type\":\"EntryPoint\",\"urlTemplate\":\"https:\/\/www.master.us.es\/mastersexologia\/?s={search_term_string}\"},\"query-input\":\"required name=search_term_string\"}],\"inLanguage\":\"es\"},{\"@type\":\"Organization\",\"@id\":\"https:\/\/www.master.us.es\/mastersexologia\/#organization\",\"name\":\"Master en Sexologia de la Universidad de Sevilla\",\"url\":\"https:\/\/www.master.us.es\/mastersexologia\/\",\"logo\":{\"@type\":\"ImageObject\",\"inLanguage\":\"es\",\"@id\":\"https:\/\/www.master.us.es\/mastersexologia\/#\/schema\/logo\/image\/\",\"url\":\"http:\/\/www.master.us.es\/mastersexologia\/wp-content\/uploads\/2016\/05\/logo-master.png\",\"contentUrl\":\"http:\/\/www.master.us.es\/mastersexologia\/wp-content\/uploads\/2016\/05\/logo-master.png\",\"width\":550,\"height\":114,\"caption\":\"Master en Sexologia de la Universidad de Sevilla\"},\"image\":{\"@id\":\"https:\/\/www.master.us.es\/mastersexologia\/#\/schema\/logo\/image\/\"},\"sameAs\":[\"https:\/\/www.facebook.com\/watch\/Master-en-Sexolog\u00eda-Universidad-de-Sevilla-478143765551553\/\",\"https:\/\/www.instagram.com\/mastersexologiaunisevilla\/\"]}]}<\/script>\n<!-- \/ Yoast SEO plugin. -->","yoast_head_json":{"title":"Pre-Inscripci\u00f3n y Matr\u00edcula - M\u00e1ster en Sexolog\u00eda - Universidad de Sevilla","robots":{"index":"index","follow":"follow","max-snippet":"max-snippet:-1","max-image-preview":"max-image-preview:large","max-video-preview":"max-video-preview:-1"},"canonical":"https:\/\/www.master.us.es\/mastersexologia\/plazo-de-pre-matricula\/","og_locale":"es_ES","og_type":"article","og_title":"Pre-Inscripci\u00f3n y Matr\u00edcula - M\u00e1ster en Sexolog\u00eda - Universidad de Sevilla","og_description":"Informaci\u00f3n sobre el Proceso de Pre-Inscripci\u00f3n y Matr\u00edcula M\u00e1ster 2023-2024 APERTURA DE PLAZO D\u00cdA: 01 de Junio 2023 para Preinscripci\u00f3n 1 de JULIO de 2023 para Matriculaci\u00f3n FECHAS Pre-inscripci\u00f3n:\u00a001\/06\/2023 \u2013 20\/07\/2023 Matr\u00edcula:\u00a001\/07\/2023 \u2013 20\/07\/2023 El alumnado que cumpla los requisitos acad\u00e9micos exigidos para el acceso al M\u00e1ster en Sexolog\u00eda, deber\u00e1n realizar la&nbsp;Preinscripci\u00f3n Online, atendiendo a [&hellip;]","og_url":"https:\/\/www.master.us.es\/mastersexologia\/plazo-de-pre-matricula\/","og_site_name":"M\u00e1ster en Sexolog\u00eda - Universidad de Sevilla","article_publisher":"https:\/\/www.facebook.com\/watch\/Master-en-Sexolog%c3%ada-Universidad-de-Sevilla-478143765551553\/","article_modified_time":"2023-06-05T11:13:41+00:00","twitter_card":"summary_large_image","schema":{"@context":"https:\/\/schema.org","@graph":[{"@type":"WebPage","@id":"https:\/\/www.master.us.es\/mastersexologia\/plazo-de-pre-matricula\/","url":"https:\/\/www.master.us.es\/mastersexologia\/plazo-de-pre-matricula\/","name":"Pre-Inscripci\u00f3n y Matr\u00edcula - M\u00e1ster en Sexolog\u00eda - Universidad de Sevilla","isPartOf":{"@id":"https:\/\/www.master.us.es\/mastersexologia\/#website"},"datePublished":"2020-06-20T01:22:46+00:00","dateModified":"2023-06-05T11:13:41+00:00","breadcrumb":{"@id":"https:\/\/www.master.us.es\/mastersexologia\/plazo-de-pre-matricula\/#breadcrumb"},"inLanguage":"es","potentialAction":[{"@type":"ReadAction","target":["https:\/\/www.master.us.es\/mastersexologia\/plazo-de-pre-matricula\/"]}]},{"@type":"BreadcrumbList","@id":"https:\/\/www.master.us.es\/mastersexologia\/plazo-de-pre-matricula\/#breadcrumb","itemListElement":[{"@type":"ListItem","position":1,"name":"Portada","item":"https:\/\/www.master.us.es\/mastersexologia\/"},{"@type":"ListItem","position":2,"name":"Pre-Inscripci\u00f3n y Matr\u00edcula"}]},{"@type":"WebSite","@id":"https:\/\/www.master.us.es\/mastersexologia\/#website","url":"https:\/\/www.master.us.es\/mastersexologia\/","name":"M\u00e1ster en Sexolog\u00eda - Universidad de Sevilla","description":"M\u00e1ster en Sexolog\u00eda de la Universidad de Sevilla","publisher":{"@id":"https:\/\/www.master.us.es\/mastersexologia\/#organization"},"potentialAction":[{"@type":"SearchAction","target":{"@type":"EntryPoint","urlTemplate":"https:\/\/www.master.us.es\/mastersexologia\/?s={search_term_string}"},"query-input":"required name=search_term_string"}],"inLanguage":"es"},{"@type":"Organization","@id":"https:\/\/www.master.us.es\/mastersexologia\/#organization","name":"Master en Sexologia de la Universidad de Sevilla","url":"https:\/\/www.master.us.es\/mastersexologia\/","logo":{"@type":"ImageObject","inLanguage":"es","@id":"https:\/\/www.master.us.es\/mastersexologia\/#\/schema\/logo\/image\/","url":"http:\/\/www.master.us.es\/mastersexologia\/wp-content\/uploads\/2016\/05\/logo-master.png","contentUrl":"http:\/\/www.master.us.es\/mastersexologia\/wp-content\/uploads\/2016\/05\/logo-master.png","width":550,"height":114,"caption":"Master en Sexologia de la Universidad de Sevilla"},"image":{"@id":"https:\/\/www.master.us.es\/mastersexologia\/#\/schema\/logo\/image\/"},"sameAs":["https:\/\/www.facebook.com\/watch\/Master-en-Sexolog\u00eda-Universidad-de-Sevilla-478143765551553\/","https:\/\/www.instagram.com\/mastersexologiaunisevilla\/"]}]}},"_links":{"self":[{"href":"https:\/\/www.master.us.es\/mastersexologia\/wp-json\/wp\/v2\/pages\/4609"}],"collection":[{"href":"https:\/\/www.master.us.es\/mastersexologia\/wp-json\/wp\/v2\/pages"}],"about":[{"href":"https:\/\/www.master.us.es\/mastersexologia\/wp-json\/wp\/v2\/types\/page"}],"author":[{"embeddable":true,"href":"https:\/\/www.master.us.es\/mastersexologia\/wp-json\/wp\/v2\/users\/1"}],"replies":[{"embeddable":true,"href":"https:\/\/www.master.us.es\/mastersexologia\/wp-json\/wp\/v2\/comments?post=4609"}],"version-history":[{"count":0,"href":"https:\/\/www.master.us.es\/mastersexologia\/wp-json\/wp\/v2\/pages\/4609\/revisions"}],"wp:attachment":[{"href":"https:\/\/www.master.us.es\/mastersexologia\/wp-json\/wp\/v2\/media?parent=4609"}],"curies":[{"name":"wp","href":"https:\/\/api.w.org\/{rel}","templated":true}]}}