{"id":5206,"date":"2021-01-31T20:19:03","date_gmt":"2021-01-31T20:19:03","guid":{"rendered":"http:\/\/www.master.us.es\/mastersexologia\/?page_id=5206"},"modified":"2025-07-17T13:26:02","modified_gmt":"2025-07-17T13:26:02","slug":"nuevo-faq","status":"publish","type":"page","link":"https:\/\/www.master.us.es\/mastersexologia\/nuevo-faq\/","title":{"rendered":"Informaci\u00f3n General"},"content":{"rendered":"<p>[vc_row][vc_column][vc_column_text]El <strong>M\u00e1ster de Sexolog\u00eda de la Universidad de Sevilla<\/strong> es un T\u00edtulo de Ense\u00f1anza Propia, y es puntuable para el acceso al M\u00e1ster en Psicolog\u00eda General Sanitaria al igual que para\u00a0<strong>bolsas de trabajo como las de Sanidad y Educaci\u00f3n.<\/strong>Es un M\u00e1ster <strong>semipresencial (NO ONLINE)<\/strong>, que cuenta con\u00a0<span style=\"color: #e872a0;\"><a style=\"color: #e872a0;\" href=\"http:\/\/www.master.us.es\/mastersexologia\/practicas\/\"><strong>pr\u00e1cticas curriculares en empresa<\/strong><\/a><\/span><strong>\u00a0<\/strong>cuyo objetivo, no es otro, que facilitar al alumnado la aplicaci\u00f3n de los conocimientos adquiridos durante su formaci\u00f3n acad\u00e9mica y las competencias en las diferentes entidades colaboradoras.<\/p>\n<p><!-- \/wp:paragraph -->[\/vc_column_text][\/vc_column][vc_column][vc_tta_accordion style=\u00bbmodern\u00bb spacing=\u00bb1&#8243; gap=\u00bb10&#8243; active_section=\u00bb1&#8243; collapsible_all=\u00bbtrue\u00bb][vc_tta_section title=\u00bbObjetivos\u00bb tab_id=\u00bb1612916858777-a1c363c7-1ead\u00bb][vc_column_text]\u2022 Adquirir conocimientos te\u00f3ricos y pr\u00e1cticos b\u00e1sicos necesarios para el abordaje de los diferentes aspectos de la sexualidad humana.<br \/>\n\u2022 Concienciar de c\u00f3mo vivir la sexualidad de una manera natural, entendiendo \u00e9sta como la forma de vivirse, conocerse, comunicarse y de ser fuente de salud, placer y afectividad.<br \/>\n\u2022 Fomentar valores basados en el respeto, en la comunicaci\u00f3n y la responsabilidad frente a su sexualidad y a la de los dem\u00e1s.<br \/>\n\u2022 Adquirir habilidades y recursos b\u00e1sicos para intervenir trasmitiendo y promoviendo h\u00e1bitos de salud sexual saludable.<br \/>\n\u2022 Capacitar para la elaboraci\u00f3n de proyectos de intervenci\u00f3n sexol\u00f3gica.<br \/>\n\u2022 Aprender habilidades pedag\u00f3gicas para la intervenci\u00f3n en educaci\u00f3n sexual en los diferentes \u00e1mbitos de actuaci\u00f3n.<br \/>\n\u2022 Desarrollar programas de Educaci\u00f3n sexual que atiendan a la diversidad sexual.<br \/>\n\u2022 Concienciar de la importancia de la salud sexual y el desarrollo de las relaciones interpersonales.<br \/>\n\u2022 Adquirir conocimientos y recursos b\u00e1sicos necesarios para el asesoramiento y la terapia sexual<br \/>\n\u2022 Desarrollar habilidades para la intervenci\u00f3n cl\u00ednica<br \/>\n\u2022 Profundizar en el diagn\u00f3stico y tratamiento de los problemas sexuales y de pareja<br \/>\n\u2022 Aprender m\u00e9todos y t\u00e9cnicas en investigaci\u00f3n sexol\u00f3gica.[\/vc_column_text][\/vc_tta_section][vc_tta_section title=\u00bbCompetencias Generales\u00bb tab_id=\u00bb1612916860054-e3a32a43-a86b\u00bb][vc_column_text]\u2022 Aplicar los principios, modelos te\u00f3ricos y procesos sexol\u00f3gicos.<br \/>\n\u2022 Aplicar los distintos m\u00e9todos de investigaci\u00f3n, evaluaci\u00f3n y tratamiento sexol\u00f3gico.<br \/>\n\u2022 Dotar de capacidad de organizaci\u00f3n, planificaci\u00f3n y toma de decisiones en la actividad profesional sexol\u00f3gica.<br \/>\n\u2022 Aprender a desarrollar un trabajo en un equipo multidisciplinar<br \/>\n\u2022 Fomentar la perspectiva de g\u00e9nero en la evaluaci\u00f3n, diagn\u00f3stico, tratamiento e intervenci\u00f3n sexol\u00f3gicas<br \/>\n\u2022 Fomento de la autonom\u00eda y del aprendizaje continuado.<br \/>\n\u2022 Capacidad para resolver problemas.<br \/>\n\u2022 Saber elegir la t\u00e9cnica de intervenci\u00f3n sexol\u00f3gica adecuada para alcanzar los objetivos propuestos.<br \/>\n\u2022 Ser capaz de elaborar estrategias de intervenci\u00f3n sexol\u00f3gica de tipo individual o grupal[\/vc_column_text][\/vc_tta_section][vc_tta_section title=\u00bbRequisitos de Acceso\u00bb tab_id=\u00bb1612916855680-d17fb08d-7573&#8243;][vc_column_text]El M\u00e1ster en Sexolog\u00eda de la Universidad de Sevilla est\u00e1 dirigido a todas aquellas personas que est\u00e1n interesadas en el \u00e1mbito de la Sexolog\u00eda y requieren de una especializaci\u00f3n para el desarrollo profesional y que a su ves cuentan con una formaci\u00f3n universitaria af\u00edn a dicha titulaci\u00f3n.<\/p>\n<p>Titulaciones que dan acceso a este M\u00e1ster:<\/p>\n<ul>\n<li>Licenciatura o grado en Psicolog\u00eda, Medicina, Ciencias de la Salud, Ciencias de la Educaci\u00f3n, Trabajo Social y Educaci\u00f3n Social.<\/li>\n<\/ul>\n<p>La Comisi\u00f3n Acad\u00e9mica estudiar\u00e1 los casos individuales de las personas con distinta formaci\u00f3n[\/vc_column_text][\/vc_tta_section][vc_tta_section title=\u00bbCriterios de Admisi\u00f3n\u00bb tab_id=\u00bb1612916855703-d155fd25-0f0e\u00bb][vc_column_text]Adem\u00e1s del orden de Inscripci\u00f3n, se solicitar\u00e1 a las personas candidatas su Curriculum Vitae y una carta motivacional para valorar su adecuaci\u00f3n y motivaci\u00f3n para la realizaci\u00f3n de esta formaci\u00f3n. Tambi\u00e9n podr\u00eda solicitarse una entrevista (personal u online).[\/vc_column_text][\/vc_tta_section][vc_tta_section title=\u00bbEvaluaci\u00f3n\u00bb tab_id=\u00bb1612917333543-e70eb616-1a56&#8243;][vc_column_text]En los T\u00edtulos Propios el sistema de evaluaci\u00f3n se realiza por\u00a0m\u00f3dulos\/asignaturas\u00a0mediante ex\u00e1menes o pruebas sobre las materias que configuran el plan de estudios.<\/p>\n<p>En ning\u00fan caso la mera asistencia dar\u00e1 lugar a la obtenci\u00f3n del T\u00edtulo o Diploma.<br \/>\nFinalizado el desarrollo de los estudios la Comisi\u00f3n Acad\u00e9mica se reunir\u00e1 para realizar la evaluaci\u00f3n global de los estudiantes.<br \/>\nLas calificaciones se ajustar\u00e1n a lo establecido en el art\u00edculo 5 del Real Decreto 1125\/2003 de 5 de septiembre, por el que se establece el sistema europeo de cr\u00e9ditos y el sistema de calificaciones en las titulaciones universitarias.<br \/>\nEn el expediente del alumnado deber\u00e1 constar una calificaci\u00f3n por cada m\u00f3dulo y una calificaci\u00f3n final que se concretar\u00e1 en un acta global.<br \/>\nSer\u00e1 preciso superar todos y cada uno de los m\u00f3dulos para obtener el correspondiente T\u00edtulo\/Diploma.<\/p>\n<p>&nbsp;<\/p>\n<p><strong>Criterios de evaluaci\u00f3n<\/strong><\/p>\n<p>Se requiere un 80% de asistencia presencial al m\u00f3dulo (NO ES ONLINE).<br \/>\nLas actividades se evaluar\u00e1n en funci\u00f3n de los criterios facilitados por el profesorado del m\u00f3dulo.<\/p>\n<p>Dicha actividad se evaluar\u00e1 con una calificaci\u00f3n comprendida entre 1 y 10.<br \/>\nPara realizar el promedio de los diferentes m\u00f3dulos impartidos no se podr\u00e1 tener en ning\u00fan m\u00f3dulo una calificaci\u00f3n inferior a 4.[\/vc_column_text][\/vc_tta_section][vc_tta_section title=\u00bbPrecios y Ayudas\u00bb tab_id=\u00bb1612917335886-f32c6f6a-40bb\u00bb][vc_column_text]El M\u00e1ster tiene un precio de<strong> 3.544\u20ac<\/strong> (tasas incluidas y posibilidad de pago fraccionado). La matr\u00edcula se puede abonar en <strong>2 plazos (Septiembre y Abril<\/strong>)<\/p>\n<p>Existe la posibilidad de un 50% de reducci\u00f3n de precio en la Matr\u00edcula. Para ello, consulta las <strong><a href=\"https:\/\/cfp.us.es\/image.asp?id=3217&amp;tipo=se&amp;mt=bin\" target=\"_blank\" rel=\"noreferrer noopener\">becas<\/a><\/strong>\u00a0a la Ense\u00f1anza Propia de la Universidad de Sevilla.[\/vc_column_text][\/vc_tta_section][\/vc_tta_accordion][\/vc_column][\/vc_row][vc_row][vc_column][vc_btn title=\u00bbM\u00e1s informaci\u00f3n aqu\u00ed\u00bb style=\u00bbclassic\u00bb color=\u00bbpurple\u00bb align=\u00bbcenter\u00bb i_align=\u00bbright\u00bb add_icon=\u00bbtrue\u00bb link=\u00bburl:https%3A%2F%2Fcfp.us.es%2Fcursos%2Foferta-2025%2FTP%2Fsexologia%2F7042|title:M%C3%A1s%20info%20aqu%C3%AD\u00bb][\/vc_column][\/vc_row]<\/p>\n","protected":false},"excerpt":{"rendered":"<p>[vc_row][vc_column][vc_column_text]El M\u00e1ster de Sexolog\u00eda de la Universidad de Sevilla es un T\u00edtulo de Ense\u00f1anza Propia, y es puntuable para el acceso al M\u00e1ster en Psicolog\u00eda General Sanitaria al igual que para\u00a0bolsas de trabajo como las de Sanidad y Educaci\u00f3n.Es un M\u00e1ster semipresencial (NO ONLINE), que cuenta con\u00a0pr\u00e1cticas curriculares en empresa\u00a0cuyo objetivo, no es otro, que [&hellip;]<\/p>\n","protected":false},"author":1,"featured_media":0,"parent":0,"menu_order":0,"comment_status":"closed","ping_status":"closed","template":"","meta":{"_joinchat":[]},"yoast_head":"<!-- This site is optimized with the Yoast SEO plugin v20.4 - https:\/\/yoast.com\/wordpress\/plugins\/seo\/ -->\n<title>Informaci\u00f3n General - M\u00e1ster en Sexolog\u00eda - Universidad de Sevilla<\/title>\n<meta name=\"description\" content=\"Informaci\u00f3n General acerca del M\u00e1ster en Sexolog\u00eda de la Universidad de Sevilla. Objetivos, Competencias Generales, Requisitos de Acceso, Criterios de Admisi\u00f3n, Evaluaci\u00f3n, Precios y Ayudas.\" \/>\n<meta name=\"robots\" content=\"index, follow, max-snippet:-1, max-image-preview:large, max-video-preview:-1\" \/>\n<link rel=\"canonical\" href=\"https:\/\/www.master.us.es\/mastersexologia\/nuevo-faq\/\" \/>\n<meta property=\"og:locale\" content=\"es_ES\" \/>\n<meta property=\"og:type\" content=\"article\" \/>\n<meta property=\"og:title\" content=\"Informaci\u00f3n General - M\u00e1ster en Sexolog\u00eda - Universidad de Sevilla\" \/>\n<meta property=\"og:description\" content=\"Informaci\u00f3n General acerca del M\u00e1ster en Sexolog\u00eda de la Universidad de Sevilla. Objetivos, Competencias Generales, Requisitos de Acceso, Criterios de Admisi\u00f3n, Evaluaci\u00f3n, Precios y Ayudas.\" \/>\n<meta property=\"og:url\" content=\"https:\/\/www.master.us.es\/mastersexologia\/nuevo-faq\/\" \/>\n<meta property=\"og:site_name\" content=\"M\u00e1ster en Sexolog\u00eda - Universidad de Sevilla\" \/>\n<meta property=\"article:publisher\" content=\"https:\/\/www.facebook.com\/watch\/Master-en-Sexolog%c3%ada-Universidad-de-Sevilla-478143765551553\/\" \/>\n<meta property=\"article:modified_time\" content=\"2025-07-17T13:26:02+00:00\" \/>\n<meta name=\"twitter:card\" content=\"summary_large_image\" \/>\n<script type=\"application\/ld+json\" class=\"yoast-schema-graph\">{\"@context\":\"https:\/\/schema.org\",\"@graph\":[{\"@type\":\"WebPage\",\"@id\":\"https:\/\/www.master.us.es\/mastersexologia\/nuevo-faq\/\",\"url\":\"https:\/\/www.master.us.es\/mastersexologia\/nuevo-faq\/\",\"name\":\"Informaci\u00f3n General - M\u00e1ster en Sexolog\u00eda - Universidad de Sevilla\",\"isPartOf\":{\"@id\":\"https:\/\/www.master.us.es\/mastersexologia\/#website\"},\"datePublished\":\"2021-01-31T20:19:03+00:00\",\"dateModified\":\"2025-07-17T13:26:02+00:00\",\"description\":\"Informaci\u00f3n General acerca del M\u00e1ster en Sexolog\u00eda de la Universidad de Sevilla. Objetivos, Competencias Generales, Requisitos de Acceso, Criterios de Admisi\u00f3n, Evaluaci\u00f3n, Precios y Ayudas.\",\"breadcrumb\":{\"@id\":\"https:\/\/www.master.us.es\/mastersexologia\/nuevo-faq\/#breadcrumb\"},\"inLanguage\":\"es\",\"potentialAction\":[{\"@type\":\"ReadAction\",\"target\":[\"https:\/\/www.master.us.es\/mastersexologia\/nuevo-faq\/\"]}]},{\"@type\":\"BreadcrumbList\",\"@id\":\"https:\/\/www.master.us.es\/mastersexologia\/nuevo-faq\/#breadcrumb\",\"itemListElement\":[{\"@type\":\"ListItem\",\"position\":1,\"name\":\"Portada\",\"item\":\"https:\/\/www.master.us.es\/mastersexologia\/\"},{\"@type\":\"ListItem\",\"position\":2,\"name\":\"Informaci\u00f3n General\"}]},{\"@type\":\"WebSite\",\"@id\":\"https:\/\/www.master.us.es\/mastersexologia\/#website\",\"url\":\"https:\/\/www.master.us.es\/mastersexologia\/\",\"name\":\"M\u00e1ster en Sexolog\u00eda - Universidad de Sevilla\",\"description\":\"M\u00e1ster en Sexolog\u00eda de la Universidad de Sevilla\",\"publisher\":{\"@id\":\"https:\/\/www.master.us.es\/mastersexologia\/#organization\"},\"potentialAction\":[{\"@type\":\"SearchAction\",\"target\":{\"@type\":\"EntryPoint\",\"urlTemplate\":\"https:\/\/www.master.us.es\/mastersexologia\/?s={search_term_string}\"},\"query-input\":\"required name=search_term_string\"}],\"inLanguage\":\"es\"},{\"@type\":\"Organization\",\"@id\":\"https:\/\/www.master.us.es\/mastersexologia\/#organization\",\"name\":\"Master en Sexologia de la Universidad de Sevilla\",\"url\":\"https:\/\/www.master.us.es\/mastersexologia\/\",\"logo\":{\"@type\":\"ImageObject\",\"inLanguage\":\"es\",\"@id\":\"https:\/\/www.master.us.es\/mastersexologia\/#\/schema\/logo\/image\/\",\"url\":\"http:\/\/www.master.us.es\/mastersexologia\/wp-content\/uploads\/2016\/05\/logo-master.png\",\"contentUrl\":\"http:\/\/www.master.us.es\/mastersexologia\/wp-content\/uploads\/2016\/05\/logo-master.png\",\"width\":550,\"height\":114,\"caption\":\"Master en Sexologia de la Universidad de Sevilla\"},\"image\":{\"@id\":\"https:\/\/www.master.us.es\/mastersexologia\/#\/schema\/logo\/image\/\"},\"sameAs\":[\"https:\/\/www.facebook.com\/watch\/Master-en-Sexolog\u00eda-Universidad-de-Sevilla-478143765551553\/\",\"https:\/\/www.instagram.com\/mastersexologiaunisevilla\/\"]}]}<\/script>\n<!-- \/ Yoast SEO plugin. -->","yoast_head_json":{"title":"Informaci\u00f3n General - M\u00e1ster en Sexolog\u00eda - Universidad de Sevilla","description":"Informaci\u00f3n General acerca del M\u00e1ster en Sexolog\u00eda de la Universidad de Sevilla. Objetivos, Competencias Generales, Requisitos de Acceso, Criterios de Admisi\u00f3n, Evaluaci\u00f3n, Precios y Ayudas.","robots":{"index":"index","follow":"follow","max-snippet":"max-snippet:-1","max-image-preview":"max-image-preview:large","max-video-preview":"max-video-preview:-1"},"canonical":"https:\/\/www.master.us.es\/mastersexologia\/nuevo-faq\/","og_locale":"es_ES","og_type":"article","og_title":"Informaci\u00f3n General - M\u00e1ster en Sexolog\u00eda - Universidad de Sevilla","og_description":"Informaci\u00f3n General acerca del M\u00e1ster en Sexolog\u00eda de la Universidad de Sevilla. Objetivos, Competencias Generales, Requisitos de Acceso, Criterios de Admisi\u00f3n, Evaluaci\u00f3n, Precios y Ayudas.","og_url":"https:\/\/www.master.us.es\/mastersexologia\/nuevo-faq\/","og_site_name":"M\u00e1ster en Sexolog\u00eda - Universidad de Sevilla","article_publisher":"https:\/\/www.facebook.com\/watch\/Master-en-Sexolog%c3%ada-Universidad-de-Sevilla-478143765551553\/","article_modified_time":"2025-07-17T13:26:02+00:00","twitter_card":"summary_large_image","schema":{"@context":"https:\/\/schema.org","@graph":[{"@type":"WebPage","@id":"https:\/\/www.master.us.es\/mastersexologia\/nuevo-faq\/","url":"https:\/\/www.master.us.es\/mastersexologia\/nuevo-faq\/","name":"Informaci\u00f3n General - M\u00e1ster en Sexolog\u00eda - Universidad de Sevilla","isPartOf":{"@id":"https:\/\/www.master.us.es\/mastersexologia\/#website"},"datePublished":"2021-01-31T20:19:03+00:00","dateModified":"2025-07-17T13:26:02+00:00","description":"Informaci\u00f3n General acerca del M\u00e1ster en Sexolog\u00eda de la Universidad de Sevilla. Objetivos, Competencias Generales, Requisitos de Acceso, Criterios de Admisi\u00f3n, Evaluaci\u00f3n, Precios y Ayudas.","breadcrumb":{"@id":"https:\/\/www.master.us.es\/mastersexologia\/nuevo-faq\/#breadcrumb"},"inLanguage":"es","potentialAction":[{"@type":"ReadAction","target":["https:\/\/www.master.us.es\/mastersexologia\/nuevo-faq\/"]}]},{"@type":"BreadcrumbList","@id":"https:\/\/www.master.us.es\/mastersexologia\/nuevo-faq\/#breadcrumb","itemListElement":[{"@type":"ListItem","position":1,"name":"Portada","item":"https:\/\/www.master.us.es\/mastersexologia\/"},{"@type":"ListItem","position":2,"name":"Informaci\u00f3n General"}]},{"@type":"WebSite","@id":"https:\/\/www.master.us.es\/mastersexologia\/#website","url":"https:\/\/www.master.us.es\/mastersexologia\/","name":"M\u00e1ster en Sexolog\u00eda - Universidad de Sevilla","description":"M\u00e1ster en Sexolog\u00eda de la Universidad de Sevilla","publisher":{"@id":"https:\/\/www.master.us.es\/mastersexologia\/#organization"},"potentialAction":[{"@type":"SearchAction","target":{"@type":"EntryPoint","urlTemplate":"https:\/\/www.master.us.es\/mastersexologia\/?s={search_term_string}"},"query-input":"required name=search_term_string"}],"inLanguage":"es"},{"@type":"Organization","@id":"https:\/\/www.master.us.es\/mastersexologia\/#organization","name":"Master en Sexologia de la Universidad de Sevilla","url":"https:\/\/www.master.us.es\/mastersexologia\/","logo":{"@type":"ImageObject","inLanguage":"es","@id":"https:\/\/www.master.us.es\/mastersexologia\/#\/schema\/logo\/image\/","url":"http:\/\/www.master.us.es\/mastersexologia\/wp-content\/uploads\/2016\/05\/logo-master.png","contentUrl":"http:\/\/www.master.us.es\/mastersexologia\/wp-content\/uploads\/2016\/05\/logo-master.png","width":550,"height":114,"caption":"Master en Sexologia de la Universidad de Sevilla"},"image":{"@id":"https:\/\/www.master.us.es\/mastersexologia\/#\/schema\/logo\/image\/"},"sameAs":["https:\/\/www.facebook.com\/watch\/Master-en-Sexolog\u00eda-Universidad-de-Sevilla-478143765551553\/","https:\/\/www.instagram.com\/mastersexologiaunisevilla\/"]}]}},"_links":{"self":[{"href":"https:\/\/www.master.us.es\/mastersexologia\/wp-json\/wp\/v2\/pages\/5206"}],"collection":[{"href":"https:\/\/www.master.us.es\/mastersexologia\/wp-json\/wp\/v2\/pages"}],"about":[{"href":"https:\/\/www.master.us.es\/mastersexologia\/wp-json\/wp\/v2\/types\/page"}],"author":[{"embeddable":true,"href":"https:\/\/www.master.us.es\/mastersexologia\/wp-json\/wp\/v2\/users\/1"}],"replies":[{"embeddable":true,"href":"https:\/\/www.master.us.es\/mastersexologia\/wp-json\/wp\/v2\/comments?post=5206"}],"version-history":[{"count":0,"href":"https:\/\/www.master.us.es\/mastersexologia\/wp-json\/wp\/v2\/pages\/5206\/revisions"}],"wp:attachment":[{"href":"https:\/\/www.master.us.es\/mastersexologia\/wp-json\/wp\/v2\/media?parent=5206"}],"curies":[{"name":"wp","href":"https:\/\/api.w.org\/{rel}","templated":true}]}}